{"id":5592,"date":"2016-12-05T09:17:34","date_gmt":"2016-12-05T14:17:34","guid":{"rendered":"http:\/\/demo.wpzoom.com\/inspiro\/?page_id=5592"},"modified":"2025-05-29T09:06:56","modified_gmt":"2025-05-29T14:06:56","slug":"about","status":"publish","type":"page","link":"https:\/\/www.americanmetaldistro.com\/?page_id=5592","title":{"rendered":"ABOUT US"},"content":{"rendered":"\t\t<div data-elementor-type=\"wp-page\" data-elementor-id=\"5592\" class=\"elementor elementor-5592\">\n\t\t\t\t\t\t<section class=\"elementor-section elementor-top-section elementor-element elementor-element-6dd5e545 elementor-section-boxed elementor-section-height-default elementor-section-height-default\" data-id=\"6dd5e545\" data-element_type=\"section\" data-e-type=\"section\">\n\t\t\t\t\t\t<div class=\"elementor-container elementor-column-gap-no\">\n\t\t\t\t\t<div class=\"elementor-column elementor-col-100 elementor-top-column elementor-element elementor-element-35934f08\" data-id=\"35934f08\" data-element_type=\"column\" data-e-type=\"column\">\n\t\t\t<div class=\"elementor-widget-wrap elementor-element-populated\">\n\t\t\t\t\t\t<section class=\"elementor-section elementor-inner-section elementor-element elementor-element-7a19ee1 elementor-section-full_width elementor-section-height-default elementor-section-height-default\" data-id=\"7a19ee1\" data-element_type=\"section\" data-e-type=\"section\">\n\t\t\t\t\t\t<div class=\"elementor-container elementor-column-gap-no\">\n\t\t\t\t\t<div class=\"elementor-column elementor-col-100 elementor-inner-column elementor-element elementor-element-371c4441\" data-id=\"371c4441\" data-element_type=\"column\" data-e-type=\"column\">\n\t\t\t<div class=\"elementor-widget-wrap elementor-element-populated\">\n\t\t\t\t\t\t<div class=\"elementor-element elementor-element-14e4796c elementor-widget elementor-widget-text-editor\" data-id=\"14e4796c\" data-element_type=\"widget\" data-e-type=\"widget\" data-widget_type=\"text-editor.default\">\n\t\t\t\t<div class=\"elementor-widget-container\">\n\t\t\t\t\t\t\t\t\t<p align=\"center\"><span style=\"font-family: Times New Roman, serif\"><b><span style=\"color: #444444\"><span style=\"font-family: Arial, serif\">AMERICAN METAL DISTRO <\/span><\/span><\/b><span style=\"color: #444444\"><span style=\"font-family: Arial, serif\">es una distribuidora de Metal Independiente que se fund\u00f3 en el a\u00f1o 2007 en Ecuador ahora estamos radicados en <\/span><\/span><b><span style=\"color: #444444\"><span style=\"font-family: Arial, serif\">NEW YORK ESTADOS UNIDOS <\/span><\/span><\/b><span style=\"color: #444444\"><span style=\"font-family: Arial, serif\">desde el a\u00f1o 2020. Todas las \u00f3rdenes son manejadas y administradas por una sola persona responsable a la vez <\/span><\/span><b><span style=\"color: #444444\"><span style=\"font-family: Arial, serif\">WILSON GARC\u00cdA \u00a0(CEO FOUNDER) <\/span><\/span><\/b><span style=\"color: #444444\"><span style=\"font-family: Arial, serif\">nos enfocamos en ofrecer a nuestros clientes art\u00edculos de la m\u00e1s alta calidad, contamos con distribuci\u00f3n directa de los sellos m\u00e1s grandes del planeta realizamos env\u00edos directos a todo <\/span><\/span><b><span style=\"color: #444444\"><span style=\"font-family: Arial, serif\">ESTADOS UNIDOS &amp; LATAM\u00a0<\/span><\/span><\/b><b><span style=\"color: #444444\"><span style=\"font-family: Arial, serif\">\u00a0<\/span><\/span><\/b><span style=\"color: #444444\"><span style=\"font-family: Arial, serif\">estamos basados siempre en la responsabilidad y como principio b\u00e1sico la HONESTIDAD esto nos ha convertido en una de las distribuidoras mas serias y responsables de la regi\u00f3n. Hemos comercializado m\u00e1s de 20.000 art\u00edculos en estos 15 a\u00f1os que llevamos en el mercado, esto nos obliga cada d\u00eda a esforzamos mas en poderte servir de la mejor manera y poder llegar a mas lugares en America Latina <\/span><\/span><\/span><\/p><p align=\"center\"><span style=\"font-family: Times New Roman, serif\"><span style=\"color: #444444\"><span style=\"font-family: Arial, serif\">Sabemos lo duro que es para las bandas latinoamericanas poder llegar a comercializar su trabajo en el mercado Estadounidense por tal motivo desde el a\u00f1o 2022 hemos empezado con la distribuci\u00f3n exclusiva de Metal latinoamericano aqu\u00ed en los Estados Unidos, si cuentas con una banda y material profesional f\u00edsico no dudes en contactanos tenemos toda la logistica y profesionalismo para poder llegar a todo el territorio Americano.<\/span><\/span><\/span><\/p>\t\t\t\t\t\t\t\t<\/div>\n\t\t\t\t<\/div>\n\t\t\t\t<div class=\"elementor-element elementor-element-69f4b5a8 elementor-align-center elementor-widget elementor-widget-button\" data-id=\"69f4b5a8\" data-element_type=\"widget\" data-e-type=\"widget\" data-widget_type=\"button.default\">\n\t\t\t\t<div class=\"elementor-widget-container\">\n\t\t\t\t\t\t\t\t\t<div class=\"elementor-button-wrapper\">\n\t\t\t\t\t<a class=\"elementor-button elementor-button-link elementor-size-md\" href=\"#\">\n\t\t\t\t\t\t<span class=\"elementor-button-content-wrapper\">\n\t\t\t\t\t\t\t\t\t<span class=\"elementor-button-text\">Cont\u00e1ctanos<\/span>\n\t\t\t\t\t<\/span>\n\t\t\t\t\t<\/a>\n\t\t\t\t<\/div>\n\t\t\t\t\t\t\t\t<\/div>\n\t\t\t\t<\/div>\n\t\t\t\t\t<\/div>\n\t\t<\/div>\n\t\t\t\t\t<\/div>\n\t\t<\/section>\n\t\t\t\t\t<\/div>\n\t\t<\/div>\n\t\t\t\t\t<\/div>\n\t\t<\/section>\n\t\t\t\t<section class=\"elementor-section elementor-top-section elementor-element elementor-element-79c23755 elementor-section-boxed elementor-section-height-default elementor-section-height-default\" data-id=\"79c23755\" data-element_type=\"section\" data-e-type=\"section\" data-settings=\"{&quot;background_background&quot;:&quot;classic&quot;}\">\n\t\t\t\t\t\t<div class=\"elementor-container elementor-column-gap-no\">\n\t\t\t\t\t<div class=\"elementor-column elementor-col-100 elementor-top-column elementor-element elementor-element-39e1062\" data-id=\"39e1062\" data-element_type=\"column\" data-e-type=\"column\">\n\t\t\t<div class=\"elementor-widget-wrap elementor-element-populated\">\n\t\t\t\t\t\t<div class=\"elementor-element elementor-element-1794f4ed elementor-widget elementor-widget-heading\" data-id=\"1794f4ed\" data-element_type=\"widget\" data-e-type=\"widget\" data-widget_type=\"heading.default\">\n\t\t\t\t<div class=\"elementor-widget-container\">\n\t\t\t\t\t<h2 class=\"elementor-heading-title elementor-size-default\">Nuestro equipo<\/h2>\t\t\t\t<\/div>\n\t\t\t\t<\/div>\n\t\t\t\t\t<\/div>\n\t\t<\/div>\n\t\t\t\t\t<\/div>\n\t\t<\/section>\n\t\t\t\t<section class=\"elementor-section elementor-top-section elementor-element elementor-element-4809f5de elementor-section-boxed elementor-section-height-default elementor-section-height-default\" data-id=\"4809f5de\" data-element_type=\"section\" data-e-type=\"section\" data-settings=\"{&quot;background_background&quot;:&quot;classic&quot;}\">\n\t\t\t\t\t\t<div class=\"elementor-container elementor-column-gap-custom\">\n\t\t\t\t\t<div class=\"elementor-column elementor-col-33 elementor-top-column elementor-element elementor-element-10bff1a7\" data-id=\"10bff1a7\" data-element_type=\"column\" data-e-type=\"column\">\n\t\t\t<div class=\"elementor-widget-wrap elementor-element-populated\">\n\t\t\t\t\t\t<div class=\"elementor-element elementor-element-8e0665c elementor-widget elementor-widget-wpzoom-elementor-addons-team-members\" data-id=\"8e0665c\" data-element_type=\"widget\" data-e-type=\"widget\" data-widget_type=\"wpzoom-elementor-addons-team-members.default\">\n\t\t\t\t<div class=\"elementor-widget-container\">\n\t\t\t\t\t\n\t\t\t\t\t<figure class=\"wpz-member-figure\">\n\t\t\t\t<img decoding=\"async\" width=\"120\" height=\"120\" src=\"https:\/\/www.americanmetaldistro.com\/wp-content\/uploads\/2025\/05\/ceo-150x150.jpg\" class=\"elementor-animation-disable-animation attachment-thumbnail size-thumbnail wp-image-9037\" alt=\"\" srcset=\"https:\/\/www.americanmetaldistro.com\/wp-content\/uploads\/2025\/05\/ceo-150x150.jpg 150w, https:\/\/www.americanmetaldistro.com\/wp-content\/uploads\/2025\/05\/ceo-300x300.jpg 300w, https:\/\/www.americanmetaldistro.com\/wp-content\/uploads\/2025\/05\/ceo-100x100.jpg 100w\" sizes=\"100vw\" \/>\t\t\t<\/figure>\n\t\t\n\t\t<div class=\"wpz-member-body\">\n\t\t\t<h2 class=\"wpz-member-name\">WILSON GARC\u00cdA<\/h2>\n\t\t\t\t\t\t\t<div class=\"wpz-member-position\">CEO &amp; FOUNDER<\/div>\n\t\t\t\n\t\t\t\n\t\t\t\n\t\t\t\n\t\t\t\t\t<\/div>\n\t\t\t\t\t\t<\/div>\n\t\t\t\t<\/div>\n\t\t\t\t\t<\/div>\n\t\t<\/div>\n\t\t\t\t<div class=\"elementor-column elementor-col-33 elementor-top-column elementor-element elementor-element-38ec6c8\" data-id=\"38ec6c8\" data-element_type=\"column\" data-e-type=\"column\">\n\t\t\t<div class=\"elementor-widget-wrap elementor-element-populated\">\n\t\t\t\t\t\t<div class=\"elementor-element elementor-element-4b9f7553 elementor-widget elementor-widget-wpzoom-elementor-addons-team-members\" data-id=\"4b9f7553\" data-element_type=\"widget\" data-e-type=\"widget\" data-widget_type=\"wpzoom-elementor-addons-team-members.default\">\n\t\t\t\t<div class=\"elementor-widget-container\">\n\t\t\t\t\t\n\t\t\t\t\t<figure class=\"wpz-member-figure\">\n\t\t\t\t<img decoding=\"async\" width=\"120\" height=\"120\" src=\"https:\/\/www.americanmetaldistro.com\/wp-content\/uploads\/2025\/05\/santiago-ajala-gris-1-150x150.jpg\" class=\"elementor-animation-disable-animation attachment-thumbnail size-thumbnail wp-image-9033\" alt=\"\" srcset=\"https:\/\/www.americanmetaldistro.com\/wp-content\/uploads\/2025\/05\/santiago-ajala-gris-1-150x150.jpg 150w, https:\/\/www.americanmetaldistro.com\/wp-content\/uploads\/2025\/05\/santiago-ajala-gris-1-300x300.jpg 300w, https:\/\/www.americanmetaldistro.com\/wp-content\/uploads\/2025\/05\/santiago-ajala-gris-1-100x100.jpg 100w, https:\/\/www.americanmetaldistro.com\/wp-content\/uploads\/2025\/05\/santiago-ajala-gris-1-e1750458826993.jpg 500w\" sizes=\"100vw\" \/>\t\t\t<\/figure>\n\t\t\n\t\t<div class=\"wpz-member-body\">\n\t\t\t<h2 class=\"wpz-member-name\">SANTIAGO AJALA<\/h2>\n\t\t\t\t\t\t\t<div class=\"wpz-member-position\">LOGISTICS DISTRIBUTION FOR LATAM <\/div>\n\t\t\t\n\t\t\t\n\t\t\t\n\t\t\t\n\t\t\t\t\t<\/div>\n\t\t\t\t\t\t<\/div>\n\t\t\t\t<\/div>\n\t\t\t\t\t<\/div>\n\t\t<\/div>\n\t\t\t\t<div class=\"elementor-column elementor-col-33 elementor-top-column elementor-element elementor-element-b0455b7\" data-id=\"b0455b7\" data-element_type=\"column\" data-e-type=\"column\">\n\t\t\t<div class=\"elementor-widget-wrap elementor-element-populated\">\n\t\t\t\t\t\t<div class=\"elementor-element elementor-element-5b725c4e elementor-widget elementor-widget-wpzoom-elementor-addons-team-members\" data-id=\"5b725c4e\" data-element_type=\"widget\" data-e-type=\"widget\" data-widget_type=\"wpzoom-elementor-addons-team-members.default\">\n\t\t\t\t<div class=\"elementor-widget-container\">\n\t\t\t\t\t\n\t\t\t\t\t<figure class=\"wpz-member-figure\">\n\t\t\t\t<img decoding=\"async\" width=\"120\" height=\"120\" src=\"https:\/\/www.americanmetaldistro.com\/wp-content\/uploads\/2022\/05\/Maria-Mercedes-150x150.jpg\" class=\"elementor-animation-disable-animation attachment-thumbnail size-thumbnail wp-image-7022\" alt=\"\" srcset=\"https:\/\/www.americanmetaldistro.com\/wp-content\/uploads\/2022\/05\/Maria-Mercedes-150x150.jpg 150w, https:\/\/www.americanmetaldistro.com\/wp-content\/uploads\/2022\/05\/Maria-Mercedes-300x300.jpg 300w, https:\/\/www.americanmetaldistro.com\/wp-content\/uploads\/2022\/05\/Maria-Mercedes-100x100.jpg 100w\" sizes=\"100vw\" \/>\t\t\t<\/figure>\n\t\t\n\t\t<div class=\"wpz-member-body\">\n\t\t\t<h2 class=\"wpz-member-name\">MERCEDES SALAZAR<\/h2>\n\t\t\t\t\t\t\t<div class=\"wpz-member-position\">DESIGN &amp; SOCIAL MEDIA MANAGER<\/div>\n\t\t\t\n\t\t\t\n\t\t\t\n\t\t\t\n\t\t\t\t\t<\/div>\n\t\t\t\t\t\t<\/div>\n\t\t\t\t<\/div>\n\t\t\t\t\t<\/div>\n\t\t<\/div>\n\t\t\t\t\t<\/div>\n\t\t<\/section>\n\t\t\t\t<section class=\"elementor-section elementor-top-section elementor-element elementor-element-32cc1523 elementor-section-full_width elementor-section-height-default elementor-section-height-default\" data-id=\"32cc1523\" data-element_type=\"section\" data-e-type=\"section\">\n\t\t\t\t\t\t<div class=\"elementor-container elementor-column-gap-default\">\n\t\t\t\t\t<div class=\"elementor-column elementor-col-100 elementor-top-column elementor-element elementor-element-7f5acc2a\" data-id=\"7f5acc2a\" data-element_type=\"column\" data-e-type=\"column\" data-settings=\"{&quot;background_background&quot;:&quot;classic&quot;}\">\n\t\t\t<div class=\"elementor-widget-wrap elementor-element-populated\">\n\t\t\t\t\t\t<div class=\"elementor-element elementor-element-6a7652be elementor-widget elementor-widget-heading\" data-id=\"6a7652be\" data-element_type=\"widget\" data-e-type=\"widget\" data-widget_type=\"heading.default\">\n\t\t\t\t<div class=\"elementor-widget-container\">\n\t\t\t\t\t<h2 class=\"elementor-heading-title elementor-size-default\">Our Address<\/h2>\t\t\t\t<\/div>\n\t\t\t\t<\/div>\n\t\t\t\t<div class=\"elementor-element elementor-element-48d75f7a elementor-widget-tablet__width-inherit elementor-widget-mobile__width-inherit elementor-widget elementor-widget-text-editor\" data-id=\"48d75f7a\" data-element_type=\"widget\" data-e-type=\"widget\" data-widget_type=\"text-editor.default\">\n\t\t\t\t<div class=\"elementor-widget-container\">\n\t\t\t\t\t\t\t\t\t<p>NEW YORK CITY\u00a0<\/p>\t\t\t\t\t\t\t\t<\/div>\n\t\t\t\t<\/div>\n\t\t\t\t<div class=\"elementor-element elementor-element-64b5a347 elementor-widget elementor-widget-google_maps\" data-id=\"64b5a347\" data-element_type=\"widget\" data-e-type=\"widget\" data-widget_type=\"google_maps.default\">\n\t\t\t\t<div class=\"elementor-widget-container\">\n\t\t\t\t\t\t\t<div class=\"elementor-custom-embed\">\n\t\t\t<iframe loading=\"lazy\"\n\t\t\t\t\tsrc=\"https:\/\/maps.google.com\/maps?q=80%20Kennedy%20Drive%20New%20York&#038;t=m&#038;z=16&#038;output=embed&#038;iwloc=near\"\n\t\t\t\t\ttitle=\"80 Kennedy Drive New York\"\n\t\t\t\t\taria-label=\"80 Kennedy Drive New York\"\n\t\t\t><\/iframe>\n\t\t<\/div>\n\t\t\t\t\t\t<\/div>\n\t\t\t\t<\/div>\n\t\t\t\t\t<\/div>\n\t\t<\/div>\n\t\t\t\t\t<\/div>\n\t\t<\/section>\n\t\t\t\t<\/div>\n\t\t","protected":false},"excerpt":{"rendered":"<p>AMERICAN METAL DISTRO es una distribuidora de Metal Independiente que se fund\u00f3 en el a\u00f1o 2007 en Ecuador ahora estamos radicados en NEW YORK ESTADOS UNIDOS desde el a\u00f1o 2020. Todas las \u00f3rdenes son manejadas y administradas por una sola persona responsable a la vez WILSON GARC\u00cdA \u00a0(CEO FOUNDER) nos enfocamos en ofrecer a nuestros &hellip; <\/p>\n<p class=\"link-more\"><a href=\"https:\/\/www.americanmetaldistro.com\/?page_id=5592\" class=\"more-link\">Leer m\u00e1s<span class=\"screen-reader-text\"> \u00abABOUT US\u00bb<\/span><\/a><\/p>\n","protected":false},"author":1,"featured_media":0,"parent":0,"menu_order":0,"comment_status":"closed","ping_status":"closed","template":"page-templates\/full-width-builder-bb.php","meta":{"_monsterinsights_skip_tracking":false,"_monsterinsights_sitenote_active":false,"_monsterinsights_sitenote_note":"","_monsterinsights_sitenote_category":0,"inspiro_hide_title":false,"footnotes":""},"class_list":["post-5592","page","type-page","status-publish","hentry"],"aioseo_notices":[],"jetpack_sharing_enabled":true,"featured_media_urls":[],"_links":{"self":[{"href":"https:\/\/www.americanmetaldistro.com\/index.php?rest_route=\/wp\/v2\/pages\/5592","targetHints":{"allow":["GET"]}}],"collection":[{"href":"https:\/\/www.americanmetaldistro.com\/index.php?rest_route=\/wp\/v2\/pages"}],"about":[{"href":"https:\/\/www.americanmetaldistro.com\/index.php?rest_route=\/wp\/v2\/types\/page"}],"author":[{"embeddable":true,"href":"https:\/\/www.americanmetaldistro.com\/index.php?rest_route=\/wp\/v2\/users\/1"}],"replies":[{"embeddable":true,"href":"https:\/\/www.americanmetaldistro.com\/index.php?rest_route=%2Fwp%2Fv2%2Fcomments&post=5592"}],"version-history":[{"count":141,"href":"https:\/\/www.americanmetaldistro.com\/index.php?rest_route=\/wp\/v2\/pages\/5592\/revisions"}],"predecessor-version":[{"id":9040,"href":"https:\/\/www.americanmetaldistro.com\/index.php?rest_route=\/wp\/v2\/pages\/5592\/revisions\/9040"}],"wp:attachment":[{"href":"https:\/\/www.americanmetaldistro.com\/index.php?rest_route=%2Fwp%2Fv2%2Fmedia&parent=5592"}],"curies":[{"name":"wp","href":"https:\/\/api.w.org\/{rel}","templated":true}]}}