{"id":9115,"date":"2025-05-30T21:40:08","date_gmt":"2025-05-31T02:40:08","guid":{"rendered":"https:\/\/www.americanmetaldistro.com\/?post_type=product&#038;p=9115"},"modified":"2025-05-30T21:40:13","modified_gmt":"2025-05-31T02:40:13","slug":"bajo-suenos-nada-de-amor","status":"publish","type":"product","link":"https:\/\/www.americanmetaldistro.com\/?product=bajo-suenos-nada-de-amor","title":{"rendered":"Bajo Sue\u00f1os &#8211; Nada de Amor"},"content":{"rendered":"<p>TRACK LIST<\/p>\n<table class=\"display table_lyrics\" cellspacing=\"0\" cellpadding=\"0\">\n<tbody>\n<tr class=\"even\">\n<td width=\"20\"><a class=\"anchor\" name=\"1361712\"><\/a>1.<\/td>\n<td class=\"wrapWords\">Envenenado<\/td>\n<td align=\"right\">02:59<\/td>\n<td nowrap=\"nowrap\"><\/td>\n<\/tr>\n<tr class=\"odd\">\n<td width=\"20\"><a class=\"anchor\" name=\"1361713\"><\/a>2.<\/td>\n<td class=\"wrapWords\">Dama imaginaria<\/td>\n<td align=\"right\">03:26<\/td>\n<td nowrap=\"nowrap\">\u00a0<a id=\"lyricsButton1361713\" href=\"https:\/\/www.metal-archives.com\/albums\/Bajo_Sue%C3%B1os\/Nada_de_amor\/192359#1361713\"><\/a><\/td>\n<\/tr>\n<tr class=\"even\">\n<td width=\"20\"><a class=\"anchor\" name=\"1361714\"><\/a>3.<\/td>\n<td class=\"wrapWords\">No s\u00e9<\/td>\n<td align=\"right\">04:08<\/td>\n<td nowrap=\"nowrap\"><\/td>\n<\/tr>\n<tr class=\"odd\">\n<td width=\"20\"><a class=\"anchor\" name=\"1361715\"><\/a>4.<\/td>\n<td class=\"wrapWords\">C\u00f3mo olvidarte<\/td>\n<td align=\"right\">03:49<\/td>\n<td nowrap=\"nowrap\"><\/td>\n<\/tr>\n<tr class=\"even\">\n<td width=\"20\"><a class=\"anchor\" name=\"1361716\"><\/a>5.<\/td>\n<td class=\"wrapWords\">Sentimiento oculto<\/td>\n<td align=\"right\">03:20<\/td>\n<td nowrap=\"nowrap\"><\/td>\n<\/tr>\n<tr class=\"odd\">\n<td width=\"20\"><a class=\"anchor\" name=\"1361717\"><\/a>6.<\/td>\n<td class=\"wrapWords\">Lo que el tiempo dice<\/td>\n<td align=\"right\">04:48<\/td>\n<td nowrap=\"nowrap\"><\/td>\n<\/tr>\n<tr class=\"even\">\n<td width=\"20\"><a class=\"anchor\" name=\"1361718\"><\/a>7.<\/td>\n<td class=\"wrapWords\">La silueta de tu sombra<\/td>\n<td align=\"right\">04:41<\/td>\n<td nowrap=\"nowrap\"><\/td>\n<\/tr>\n<tr class=\"odd\">\n<td width=\"20\"><a class=\"anchor\" name=\"1361719\"><\/a>8.<\/td>\n<td class=\"wrapWords\">1990<\/td>\n<td align=\"right\">03:16<\/td>\n<td nowrap=\"nowrap\"><\/td>\n<\/tr>\n<tr class=\"even\">\n<td width=\"20\"><a class=\"anchor\" name=\"1361720\"><\/a>9.<\/td>\n<td class=\"wrapWords\">Yathze<\/td>\n<td align=\"right\">03:54<\/td>\n<td nowrap=\"nowrap\"><\/td>\n<\/tr>\n<tr class=\"odd\">\n<td width=\"20\"><a class=\"anchor\" name=\"1361721\"><\/a>10.<\/td>\n<td class=\"wrapWords\">S\u00f3lo t\u00fa, s\u00f3lo yo<\/td>\n<td align=\"right\">04:31<\/td>\n<td nowrap=\"nowrap\"><\/td>\n<\/tr>\n<tr class=\"even\">\n<td width=\"20\"><a class=\"anchor\" name=\"1361722\"><\/a>11.<\/td>\n<td class=\"wrapWords\">Nada de amor<\/td>\n<td align=\"right\">04:14<\/td>\n<td nowrap=\"nowrap\"><\/td>\n<\/tr>\n<tr class=\"odd\">\n<td width=\"20\"><a class=\"anchor\" name=\"1361723\"><\/a>12.<\/td>\n<td class=\"wrapWords\">D\u00f3nde est\u00e1s<\/td>\n<\/tr>\n<\/tbody>\n<\/table>\n","protected":false},"excerpt":{"rendered":"<p class=\"p1\"><b>Thank you for shopping with us!<\/b><\/p>\n<p class=\"p1\">Items typically ship in 2-3 business days.<\/p>\n<p class=\"p1\">You will receive tracking information as soon as your order is shipped.<\/p>\n","protected":false},"featured_media":9116,"comment_status":"open","ping_status":"closed","template":"","meta":{"_monsterinsights_skip_tracking":false,"_monsterinsights_sitenote_active":false,"_monsterinsights_sitenote_note":"","_monsterinsights_sitenote_category":0},"product_brand":[],"product_cat":[74],"product_tag":[],"class_list":{"0":"post-9115","1":"product","2":"type-product","3":"status-publish","4":"has-post-thumbnail","6":"product_cat-cds-latam","8":"first","9":"instock","10":"taxable","11":"shipping-taxable","12":"purchasable","13":"product-type-simple"},"aioseo_notices":[],"jetpack_sharing_enabled":true,"featured_media_urls":{"thumbnail":["https:\/\/www.americanmetaldistro.com\/wp-content\/uploads\/2025\/05\/Photoroom_20250521_180927-150x150.jpeg",120,120,true],"medium":["https:\/\/www.americanmetaldistro.com\/wp-content\/uploads\/2025\/05\/Photoroom_20250521_180927-300x300.jpeg",250,250,true],"medium_large":["https:\/\/www.americanmetaldistro.com\/wp-content\/uploads\/2025\/05\/Photoroom_20250521_180927-768x768.jpeg",768,768,true],"large":["https:\/\/www.americanmetaldistro.com\/wp-content\/uploads\/2025\/05\/Photoroom_20250521_180927-1024x1024.jpeg",800,800,true],"1536x1536":["https:\/\/www.americanmetaldistro.com\/wp-content\/uploads\/2025\/05\/Photoroom_20250521_180927-1536x1536.jpeg",1536,1536,true],"2048x2048":["https:\/\/www.americanmetaldistro.com\/wp-content\/uploads\/2025\/05\/Photoroom_20250521_180927.jpeg",1920,1920,false],"inspiro-featured-image":["https:\/\/www.americanmetaldistro.com\/wp-content\/uploads\/2025\/05\/Photoroom_20250521_180927.jpeg",1920,1920,false],"inspiro-loop":["https:\/\/www.americanmetaldistro.com\/wp-content\/uploads\/2025\/05\/Photoroom_20250521_180927-950x320.jpeg",950,320,true],"inspiro-loop@2x":["https:\/\/www.americanmetaldistro.com\/wp-content\/uploads\/2025\/05\/Photoroom_20250521_180927-1900x640.jpeg",1900,640,true],"mailpoet_newsletter_max":["https:\/\/www.americanmetaldistro.com\/wp-content\/uploads\/2025\/05\/Photoroom_20250521_180927-1320x1320.jpeg",1320,1320,true],"woocommerce_thumbnail":["https:\/\/www.americanmetaldistro.com\/wp-content\/uploads\/2025\/05\/Photoroom_20250521_180927-300x300.jpeg",300,300,true],"woocommerce_single":["https:\/\/www.americanmetaldistro.com\/wp-content\/uploads\/2025\/05\/Photoroom_20250521_180927-600x600.jpeg",600,600,true],"woocommerce_gallery_thumbnail":["https:\/\/www.americanmetaldistro.com\/wp-content\/uploads\/2025\/05\/Photoroom_20250521_180927-100x100.jpeg",100,100,true],"portfolio_item-thumbnail":["https:\/\/www.americanmetaldistro.com\/wp-content\/uploads\/2025\/05\/Photoroom_20250521_180927-600x400.jpeg",600,400,true],"portfolio_item-thumbnail@2x":["https:\/\/www.americanmetaldistro.com\/wp-content\/uploads\/2025\/05\/Photoroom_20250521_180927-1200x800.jpeg",1200,800,true],"portfolio_item-masonry":["https:\/\/www.americanmetaldistro.com\/wp-content\/uploads\/2025\/05\/Photoroom_20250521_180927-600x600.jpeg",600,600,true],"portfolio_item-masonry@2x":["https:\/\/www.americanmetaldistro.com\/wp-content\/uploads\/2025\/05\/Photoroom_20250521_180927-1200x1200.jpeg",1200,1200,true],"portfolio_item-thumbnail_cinema":["https:\/\/www.americanmetaldistro.com\/wp-content\/uploads\/2025\/05\/Photoroom_20250521_180927-800x335.jpeg",800,335,true],"portfolio_item-thumbnail_portrait":["https:\/\/www.americanmetaldistro.com\/wp-content\/uploads\/2025\/05\/Photoroom_20250521_180927-600x900.jpeg",600,900,true],"portfolio_item-thumbnail_portrait@2x":["https:\/\/www.americanmetaldistro.com\/wp-content\/uploads\/2025\/05\/Photoroom_20250521_180927-1200x1800.jpeg",1200,1800,true],"portfolio_item-thumbnail_square":["https:\/\/www.americanmetaldistro.com\/wp-content\/uploads\/2025\/05\/Photoroom_20250521_180927-800x800.jpeg",800,800,true]},"_links":{"self":[{"href":"https:\/\/www.americanmetaldistro.com\/index.php?rest_route=\/wp\/v2\/product\/9115","targetHints":{"allow":["GET"]}}],"collection":[{"href":"https:\/\/www.americanmetaldistro.com\/index.php?rest_route=\/wp\/v2\/product"}],"about":[{"href":"https:\/\/www.americanmetaldistro.com\/index.php?rest_route=\/wp\/v2\/types\/product"}],"replies":[{"embeddable":true,"href":"https:\/\/www.americanmetaldistro.com\/index.php?rest_route=%2Fwp%2Fv2%2Fcomments&post=9115"}],"wp:featuredmedia":[{"embeddable":true,"href":"https:\/\/www.americanmetaldistro.com\/index.php?rest_route=\/wp\/v2\/media\/9116"}],"wp:attachment":[{"href":"https:\/\/www.americanmetaldistro.com\/index.php?rest_route=%2Fwp%2Fv2%2Fmedia&parent=9115"}],"wp:term":[{"taxonomy":"product_brand","embeddable":true,"href":"https:\/\/www.americanmetaldistro.com\/index.php?rest_route=%2Fwp%2Fv2%2Fproduct_brand&post=9115"},{"taxonomy":"product_cat","embeddable":true,"href":"https:\/\/www.americanmetaldistro.com\/index.php?rest_route=%2Fwp%2Fv2%2Fproduct_cat&post=9115"},{"taxonomy":"product_tag","embeddable":true,"href":"https:\/\/www.americanmetaldistro.com\/index.php?rest_route=%2Fwp%2Fv2%2Fproduct_tag&post=9115"}],"curies":[{"name":"wp","href":"https:\/\/api.w.org\/{rel}","templated":true}]}}