{"id":9279,"date":"2025-06-01T18:34:41","date_gmt":"2025-06-01T23:34:41","guid":{"rendered":"https:\/\/www.americanmetaldistro.com\/?post_type=product&#038;p=9279"},"modified":"2025-06-01T18:34:42","modified_gmt":"2025-06-01T23:34:42","slug":"machine-head-of-kingdom-and-crown","status":"publish","type":"product","link":"https:\/\/www.americanmetaldistro.com\/?product=machine-head-of-kingdom-and-crown","title":{"rendered":"Machine Head &#8211; \u00d8f Kingd\u00f8m And Cr\u00f8wn"},"content":{"rendered":"<p><strong>Tracklist:<\/strong><br \/>\n01. SLAUGHTER THE MARTYR<br \/>\n02. CH\u00d8KE \u00d8N THE ASHES \u00d8F Y\u00d8UR HATE<br \/>\n03. BEC\u00d8ME THE FIREST\u00d8RM<br \/>\n04. \u00d8VERD\u00d8SE<br \/>\n05. MY HANDS ARE EMPTY<br \/>\n06. UNHALL\u00d8WED<br \/>\n07. ASSIMILATE<br \/>\n08. KILL THY ENEMIES<br \/>\n09. N\u00d8 G\u00d8DS, N\u00d8 MASTERS<br \/>\n10. BL\u00d8\u00d8DSH\u00d8T<br \/>\n11. R\u00d8TTEN<br \/>\n12. TERMINUS<br \/>\n13. ARR\u00d8WS IN W\u00d8RDS FR\u00d8M THE SKY<br \/>\nBONUS TRACKS<br \/>\n14. EXTER\u00d8CEPTI\u00d8N<br \/>\n15. ARR\u00d8WS IN W\u00d8RDS FR\u00d8M THE SKY (ACOUSTIC)<\/p>\n","protected":false},"excerpt":{"rendered":"<p class=\"p1\"><b>Thank you for shopping with us!<\/b><\/p>\n<p class=\"p1\">Items typically ship in 1-3 business days.<\/p>\n<p class=\"p1\">You will receive tracking information as soon as your order is shipped<\/p>\n","protected":false},"featured_media":9280,"comment_status":"open","ping_status":"closed","template":"","meta":{"_monsterinsights_skip_tracking":false,"_monsterinsights_sitenote_active":false,"_monsterinsights_sitenote_note":"","_monsterinsights_sitenote_category":0},"product_brand":[],"product_cat":[52],"product_tag":[],"class_list":{"0":"post-9279","1":"product","2":"type-product","3":"status-publish","4":"has-post-thumbnail","6":"product_cat-cassette","8":"first","9":"instock","10":"taxable","11":"shipping-taxable","12":"purchasable","13":"product-type-simple"},"aioseo_notices":[],"jetpack_sharing_enabled":true,"featured_media_urls":{"thumbnail":["https:\/\/www.americanmetaldistro.com\/wp-content\/uploads\/2025\/06\/1000x1000_12_b2edf0bb-2eed-4f6f-b9ad-48256b6a23c5_1296x-150x150.webp",120,120,true],"medium":["https:\/\/www.americanmetaldistro.com\/wp-content\/uploads\/2025\/06\/1000x1000_12_b2edf0bb-2eed-4f6f-b9ad-48256b6a23c5_1296x-300x300.webp",250,250,true],"medium_large":["https:\/\/www.americanmetaldistro.com\/wp-content\/uploads\/2025\/06\/1000x1000_12_b2edf0bb-2eed-4f6f-b9ad-48256b6a23c5_1296x-768x768.webp",768,768,true],"large":["https:\/\/www.americanmetaldistro.com\/wp-content\/uploads\/2025\/06\/1000x1000_12_b2edf0bb-2eed-4f6f-b9ad-48256b6a23c5_1296x.webp",800,800,false],"1536x1536":["https:\/\/www.americanmetaldistro.com\/wp-content\/uploads\/2025\/06\/1000x1000_12_b2edf0bb-2eed-4f6f-b9ad-48256b6a23c5_1296x.webp",1000,1000,false],"2048x2048":["https:\/\/www.americanmetaldistro.com\/wp-content\/uploads\/2025\/06\/1000x1000_12_b2edf0bb-2eed-4f6f-b9ad-48256b6a23c5_1296x.webp",1000,1000,false],"inspiro-featured-image":["https:\/\/www.americanmetaldistro.com\/wp-content\/uploads\/2025\/06\/1000x1000_12_b2edf0bb-2eed-4f6f-b9ad-48256b6a23c5_1296x.webp",1000,1000,false],"inspiro-loop":["https:\/\/www.americanmetaldistro.com\/wp-content\/uploads\/2025\/06\/1000x1000_12_b2edf0bb-2eed-4f6f-b9ad-48256b6a23c5_1296x-950x320.webp",950,320,true],"inspiro-loop@2x":["https:\/\/www.americanmetaldistro.com\/wp-content\/uploads\/2025\/06\/1000x1000_12_b2edf0bb-2eed-4f6f-b9ad-48256b6a23c5_1296x-1000x640.webp",1000,640,true],"mailpoet_newsletter_max":["https:\/\/www.americanmetaldistro.com\/wp-content\/uploads\/2025\/06\/1000x1000_12_b2edf0bb-2eed-4f6f-b9ad-48256b6a23c5_1296x.webp",1000,1000,false],"woocommerce_thumbnail":["https:\/\/www.americanmetaldistro.com\/wp-content\/uploads\/2025\/06\/1000x1000_12_b2edf0bb-2eed-4f6f-b9ad-48256b6a23c5_1296x-300x300.webp",300,300,true],"woocommerce_single":["https:\/\/www.americanmetaldistro.com\/wp-content\/uploads\/2025\/06\/1000x1000_12_b2edf0bb-2eed-4f6f-b9ad-48256b6a23c5_1296x-600x600.webp",600,600,true],"woocommerce_gallery_thumbnail":["https:\/\/www.americanmetaldistro.com\/wp-content\/uploads\/2025\/06\/1000x1000_12_b2edf0bb-2eed-4f6f-b9ad-48256b6a23c5_1296x-100x100.webp",100,100,true],"portfolio_item-thumbnail":["https:\/\/www.americanmetaldistro.com\/wp-content\/uploads\/2025\/06\/1000x1000_12_b2edf0bb-2eed-4f6f-b9ad-48256b6a23c5_1296x-600x400.webp",600,400,true],"portfolio_item-thumbnail@2x":["https:\/\/www.americanmetaldistro.com\/wp-content\/uploads\/2025\/06\/1000x1000_12_b2edf0bb-2eed-4f6f-b9ad-48256b6a23c5_1296x-1000x800.webp",1000,800,true],"portfolio_item-masonry":["https:\/\/www.americanmetaldistro.com\/wp-content\/uploads\/2025\/06\/1000x1000_12_b2edf0bb-2eed-4f6f-b9ad-48256b6a23c5_1296x-600x600.webp",600,600,true],"portfolio_item-masonry@2x":["https:\/\/www.americanmetaldistro.com\/wp-content\/uploads\/2025\/06\/1000x1000_12_b2edf0bb-2eed-4f6f-b9ad-48256b6a23c5_1296x.webp",1000,1000,false],"portfolio_item-thumbnail_cinema":["https:\/\/www.americanmetaldistro.com\/wp-content\/uploads\/2025\/06\/1000x1000_12_b2edf0bb-2eed-4f6f-b9ad-48256b6a23c5_1296x-800x335.webp",800,335,true],"portfolio_item-thumbnail_portrait":["https:\/\/www.americanmetaldistro.com\/wp-content\/uploads\/2025\/06\/1000x1000_12_b2edf0bb-2eed-4f6f-b9ad-48256b6a23c5_1296x-600x900.webp",600,900,true],"portfolio_item-thumbnail_portrait@2x":["https:\/\/www.americanmetaldistro.com\/wp-content\/uploads\/2025\/06\/1000x1000_12_b2edf0bb-2eed-4f6f-b9ad-48256b6a23c5_1296x.webp",1000,1000,false],"portfolio_item-thumbnail_square":["https:\/\/www.americanmetaldistro.com\/wp-content\/uploads\/2025\/06\/1000x1000_12_b2edf0bb-2eed-4f6f-b9ad-48256b6a23c5_1296x-800x800.webp",800,800,true]},"_links":{"self":[{"href":"https:\/\/www.americanmetaldistro.com\/index.php?rest_route=\/wp\/v2\/product\/9279","targetHints":{"allow":["GET"]}}],"collection":[{"href":"https:\/\/www.americanmetaldistro.com\/index.php?rest_route=\/wp\/v2\/product"}],"about":[{"href":"https:\/\/www.americanmetaldistro.com\/index.php?rest_route=\/wp\/v2\/types\/product"}],"replies":[{"embeddable":true,"href":"https:\/\/www.americanmetaldistro.com\/index.php?rest_route=%2Fwp%2Fv2%2Fcomments&post=9279"}],"wp:featuredmedia":[{"embeddable":true,"href":"https:\/\/www.americanmetaldistro.com\/index.php?rest_route=\/wp\/v2\/media\/9280"}],"wp:attachment":[{"href":"https:\/\/www.americanmetaldistro.com\/index.php?rest_route=%2Fwp%2Fv2%2Fmedia&parent=9279"}],"wp:term":[{"taxonomy":"product_brand","embeddable":true,"href":"https:\/\/www.americanmetaldistro.com\/index.php?rest_route=%2Fwp%2Fv2%2Fproduct_brand&post=9279"},{"taxonomy":"product_cat","embeddable":true,"href":"https:\/\/www.americanmetaldistro.com\/index.php?rest_route=%2Fwp%2Fv2%2Fproduct_cat&post=9279"},{"taxonomy":"product_tag","embeddable":true,"href":"https:\/\/www.americanmetaldistro.com\/index.php?rest_route=%2Fwp%2Fv2%2Fproduct_tag&post=9279"}],"curies":[{"name":"wp","href":"https:\/\/api.w.org\/{rel}","templated":true}]}}