{"id":9512,"date":"2025-06-08T17:11:28","date_gmt":"2025-06-08T22:11:28","guid":{"rendered":"https:\/\/www.americanmetaldistro.com\/?post_type=product&#038;p=9512"},"modified":"2025-06-08T17:11:29","modified_gmt":"2025-06-08T22:11:29","slug":"bertoncelli-nunca-digas-nunca","status":"publish","type":"product","link":"https:\/\/www.americanmetaldistro.com\/?product=bertoncelli-nunca-digas-nunca","title":{"rendered":"Bertoncelli &#8211; Nunca digas nunca"},"content":{"rendered":"<p>Este 2021, Bertoncelli (Renacer) presenta su nuevo y segundo disco solista Nunca Digas Nunca. El mismo ya presento dos cortes \u201cNunca digas Nunca y \u201cMujer de Luz\u201d en plataformas digitales y formato videoclip.<\/p>\n<p>&nbsp;<\/p>\n<p>El hard rock como influencia base, es recorrido durante todo el discos\u00a0 y en todos\u00a0 sus subg\u00e9neros, combinando nuevas composiciones con algunos grandes cl\u00e1sicos de los a\u00f1os 70 y 80, en esta nueva etapa lo acompa\u00f1a una nueva formaci\u00f3n que nutre cada canci\u00f3n en la medida justa<\/p>\n<p>&nbsp;<\/p>\n<p>TRACKLIST :<\/p>\n<p>1 &#8211; Sangre y Rock and Roll<br \/>\n2 &#8211; Nunca digas Nunca<br \/>\n3 &#8211; A partir de Ma\u00f1ana<br \/>\n4 &#8211; Mensajes sobre el Mar<br \/>\n5 &#8211; Vagabundear<br \/>\n6 &#8211; Heroes<br \/>\n7 &#8211; Mujer de Luz<br \/>\n8 &#8211; Himno de Mi coraz\u00f3n<br \/>\n9 &#8211; Nunca perdi\u00f3 la fe<br \/>\n10 &#8211; Tren Azul<\/p>\n","protected":false},"excerpt":{"rendered":"<p class=\"p1\"><b>Thank you for shopping with us!<\/b><\/p>\n<p class=\"p1\">Items typically ship in 2-3 business days.<\/p>\n<p class=\"p1\">You will receive tracking information as soon as your order is shipped<\/p>\n","protected":false},"featured_media":9513,"comment_status":"open","ping_status":"closed","template":"","meta":{"_monsterinsights_skip_tracking":false,"_monsterinsights_sitenote_active":false,"_monsterinsights_sitenote_note":"","_monsterinsights_sitenote_category":0},"product_brand":[],"product_cat":[75],"product_tag":[],"class_list":{"0":"post-9512","1":"product","2":"type-product","3":"status-publish","4":"has-post-thumbnail","6":"product_cat-vinyl-latam","8":"first","9":"instock","10":"taxable","11":"shipping-taxable","12":"purchasable","13":"product-type-simple"},"aioseo_notices":[],"jetpack_sharing_enabled":true,"featured_media_urls":{"thumbnail":["https:\/\/www.americanmetaldistro.com\/wp-content\/uploads\/2025\/06\/WhatsApp-Image-2025-06-08-at-17.35.16-1-150x150.jpeg",120,120,true],"medium":["https:\/\/www.americanmetaldistro.com\/wp-content\/uploads\/2025\/06\/WhatsApp-Image-2025-06-08-at-17.35.16-1-300x300.jpeg",250,250,true],"medium_large":["https:\/\/www.americanmetaldistro.com\/wp-content\/uploads\/2025\/06\/WhatsApp-Image-2025-06-08-at-17.35.16-1-768x768.jpeg",768,768,true],"large":["https:\/\/www.americanmetaldistro.com\/wp-content\/uploads\/2025\/06\/WhatsApp-Image-2025-06-08-at-17.35.16-1-1024x1024.jpeg",800,800,true],"1536x1536":["https:\/\/www.americanmetaldistro.com\/wp-content\/uploads\/2025\/06\/WhatsApp-Image-2025-06-08-at-17.35.16-1-1536x1536.jpeg",1536,1536,true],"2048x2048":["https:\/\/www.americanmetaldistro.com\/wp-content\/uploads\/2025\/06\/WhatsApp-Image-2025-06-08-at-17.35.16-1.jpeg",1920,1920,false],"inspiro-featured-image":["https:\/\/www.americanmetaldistro.com\/wp-content\/uploads\/2025\/06\/WhatsApp-Image-2025-06-08-at-17.35.16-1.jpeg",1920,1920,false],"inspiro-loop":["https:\/\/www.americanmetaldistro.com\/wp-content\/uploads\/2025\/06\/WhatsApp-Image-2025-06-08-at-17.35.16-1-950x320.jpeg",950,320,true],"inspiro-loop@2x":["https:\/\/www.americanmetaldistro.com\/wp-content\/uploads\/2025\/06\/WhatsApp-Image-2025-06-08-at-17.35.16-1-1900x640.jpeg",1900,640,true],"mailpoet_newsletter_max":["https:\/\/www.americanmetaldistro.com\/wp-content\/uploads\/2025\/06\/WhatsApp-Image-2025-06-08-at-17.35.16-1-1320x1320.jpeg",1320,1320,true],"woocommerce_thumbnail":["https:\/\/www.americanmetaldistro.com\/wp-content\/uploads\/2025\/06\/WhatsApp-Image-2025-06-08-at-17.35.16-1-300x300.jpeg",300,300,true],"woocommerce_single":["https:\/\/www.americanmetaldistro.com\/wp-content\/uploads\/2025\/06\/WhatsApp-Image-2025-06-08-at-17.35.16-1-600x600.jpeg",600,600,true],"woocommerce_gallery_thumbnail":["https:\/\/www.americanmetaldistro.com\/wp-content\/uploads\/2025\/06\/WhatsApp-Image-2025-06-08-at-17.35.16-1-100x100.jpeg",100,100,true],"portfolio_item-thumbnail":["https:\/\/www.americanmetaldistro.com\/wp-content\/uploads\/2025\/06\/WhatsApp-Image-2025-06-08-at-17.35.16-1-600x400.jpeg",600,400,true],"portfolio_item-thumbnail@2x":["https:\/\/www.americanmetaldistro.com\/wp-content\/uploads\/2025\/06\/WhatsApp-Image-2025-06-08-at-17.35.16-1-1200x800.jpeg",1200,800,true],"portfolio_item-masonry":["https:\/\/www.americanmetaldistro.com\/wp-content\/uploads\/2025\/06\/WhatsApp-Image-2025-06-08-at-17.35.16-1-600x600.jpeg",600,600,true],"portfolio_item-masonry@2x":["https:\/\/www.americanmetaldistro.com\/wp-content\/uploads\/2025\/06\/WhatsApp-Image-2025-06-08-at-17.35.16-1-1200x1200.jpeg",1200,1200,true],"portfolio_item-thumbnail_cinema":["https:\/\/www.americanmetaldistro.com\/wp-content\/uploads\/2025\/06\/WhatsApp-Image-2025-06-08-at-17.35.16-1-800x335.jpeg",800,335,true],"portfolio_item-thumbnail_portrait":["https:\/\/www.americanmetaldistro.com\/wp-content\/uploads\/2025\/06\/WhatsApp-Image-2025-06-08-at-17.35.16-1-600x900.jpeg",600,900,true],"portfolio_item-thumbnail_portrait@2x":["https:\/\/www.americanmetaldistro.com\/wp-content\/uploads\/2025\/06\/WhatsApp-Image-2025-06-08-at-17.35.16-1-1200x1800.jpeg",1200,1800,true],"portfolio_item-thumbnail_square":["https:\/\/www.americanmetaldistro.com\/wp-content\/uploads\/2025\/06\/WhatsApp-Image-2025-06-08-at-17.35.16-1-800x800.jpeg",800,800,true]},"_links":{"self":[{"href":"https:\/\/www.americanmetaldistro.com\/index.php?rest_route=\/wp\/v2\/product\/9512","targetHints":{"allow":["GET"]}}],"collection":[{"href":"https:\/\/www.americanmetaldistro.com\/index.php?rest_route=\/wp\/v2\/product"}],"about":[{"href":"https:\/\/www.americanmetaldistro.com\/index.php?rest_route=\/wp\/v2\/types\/product"}],"replies":[{"embeddable":true,"href":"https:\/\/www.americanmetaldistro.com\/index.php?rest_route=%2Fwp%2Fv2%2Fcomments&post=9512"}],"wp:featuredmedia":[{"embeddable":true,"href":"https:\/\/www.americanmetaldistro.com\/index.php?rest_route=\/wp\/v2\/media\/9513"}],"wp:attachment":[{"href":"https:\/\/www.americanmetaldistro.com\/index.php?rest_route=%2Fwp%2Fv2%2Fmedia&parent=9512"}],"wp:term":[{"taxonomy":"product_brand","embeddable":true,"href":"https:\/\/www.americanmetaldistro.com\/index.php?rest_route=%2Fwp%2Fv2%2Fproduct_brand&post=9512"},{"taxonomy":"product_cat","embeddable":true,"href":"https:\/\/www.americanmetaldistro.com\/index.php?rest_route=%2Fwp%2Fv2%2Fproduct_cat&post=9512"},{"taxonomy":"product_tag","embeddable":true,"href":"https:\/\/www.americanmetaldistro.com\/index.php?rest_route=%2Fwp%2Fv2%2Fproduct_tag&post=9512"}],"curies":[{"name":"wp","href":"https:\/\/api.w.org\/{rel}","templated":true}]}}