{"id":9668,"date":"2025-06-13T23:32:32","date_gmt":"2025-06-14T04:32:32","guid":{"rendered":"https:\/\/www.americanmetaldistro.com\/?post_type=product&#038;p=9668"},"modified":"2025-06-13T23:32:32","modified_gmt":"2025-06-14T04:32:32","slug":"solstafir-endless-twilight-of-codependent-love-digibox","status":"publish","type":"product","link":"https:\/\/www.americanmetaldistro.com\/?product=solstafir-endless-twilight-of-codependent-love-digibox","title":{"rendered":"Solstafir &#8211; Endless Twilight of Codependent Love &#8211; DIGIBOX"},"content":{"rendered":"<p>Collector&#8217;s edition in clamshell box including CD with bonus tracks &#8216;Hrollkalda \u00deoka Einmanaleikans&#8217; and &#8216;Hann f\u00f3r Sj\u00e1lfur&#8217; in Digipak with 20-page booklet + black teddy cloth wristband with embroidered SOLSTAFIR logo in white + printed fake-leather magnet + black webcam cover with white SOLSTAFIR logo.<br \/>\nAll items are exclusive to this collector&#8217;s edition!<\/p>\n<p>S\u00d3LSTAFIR&#8217;s music penetrates the mind, body, and soul. One does not need to speak their Icelandic tongue to understand the spectrum of raw emotion evoked by every song. \u2018Endless Twilight of Codependent Love\u2019 further solidifies the Icelandic rock giants\u2019 place as masters of their craft, delivering their signature elegance and the unbridled passion upon which they&#8217;ve built their career. While a clear evolution, S\u00d3LSTAFIR also pays homage to their metallic roots. Much like the vast expanse of their homeland, the band once again embodies the ever-turning wheel of the four seasons with their shifting light and darkness.<\/p>\n<p>Cover artwork by Johann Baptist Zwecker (The Lady of the Mountain, 1864).<\/p>\n<p>Tracklist:<br \/>\n1. Akkeri (10:10)<br \/>\n2. Dr\u00fdsill (08:52)<br \/>\n3. R\u00f6kkur (07:06)<br \/>\n4. Her Fall From Grace (06:36)<br \/>\n5. Dionysus (05:31)<br \/>\n6. Til Moldar (04:29)<br \/>\n7. Alda Syndanna (04:30)<br \/>\n8. Or (06:58)<br \/>\n9. \u00dalfur (08:49)<br \/>\nBonus tracks :<br \/>\n1a. Hrollkalda \u00deoka Einmanaleikans (06:39)<br \/>\n2a. Hann For Sjalfur (08:09)<\/p>\n","protected":false},"excerpt":{"rendered":"<p class=\"p1\"><b>Thank you for shopping with us!<\/b><\/p>\n<p class=\"p1\">Items typically ship in 2-3 business days.<\/p>\n<p class=\"p1\">You will receive tracking information as soon as your order is shipped.<\/p>\n","protected":false},"featured_media":9669,"comment_status":"open","ping_status":"closed","template":"","meta":{"_monsterinsights_skip_tracking":false,"_monsterinsights_sitenote_active":false,"_monsterinsights_sitenote_note":"","_monsterinsights_sitenote_category":0},"product_brand":[],"product_cat":[50],"product_tag":[],"class_list":{"0":"post-9668","1":"product","2":"type-product","3":"status-publish","4":"has-post-thumbnail","6":"product_cat-cd","8":"first","9":"instock","10":"taxable","11":"shipping-taxable","12":"purchasable","13":"product-type-simple"},"aioseo_notices":[],"jetpack_sharing_enabled":true,"featured_media_urls":{"thumbnail":["https:\/\/www.americanmetaldistro.com\/wp-content\/uploads\/2025\/06\/Solstafir-Endless-Twilight-of-Codependent-Love-DIGIBOX-43719-4-1596700680_1-150x150.jpg",120,120,true],"medium":["https:\/\/www.americanmetaldistro.com\/wp-content\/uploads\/2025\/06\/Solstafir-Endless-Twilight-of-Codependent-Love-DIGIBOX-43719-4-1596700680_1-300x300.jpg",250,250,true],"medium_large":["https:\/\/www.americanmetaldistro.com\/wp-content\/uploads\/2025\/06\/Solstafir-Endless-Twilight-of-Codependent-Love-DIGIBOX-43719-4-1596700680_1.jpg",500,500,false],"large":["https:\/\/www.americanmetaldistro.com\/wp-content\/uploads\/2025\/06\/Solstafir-Endless-Twilight-of-Codependent-Love-DIGIBOX-43719-4-1596700680_1.jpg",500,500,false],"1536x1536":["https:\/\/www.americanmetaldistro.com\/wp-content\/uploads\/2025\/06\/Solstafir-Endless-Twilight-of-Codependent-Love-DIGIBOX-43719-4-1596700680_1.jpg",500,500,false],"2048x2048":["https:\/\/www.americanmetaldistro.com\/wp-content\/uploads\/2025\/06\/Solstafir-Endless-Twilight-of-Codependent-Love-DIGIBOX-43719-4-1596700680_1.jpg",500,500,false],"inspiro-featured-image":["https:\/\/www.americanmetaldistro.com\/wp-content\/uploads\/2025\/06\/Solstafir-Endless-Twilight-of-Codependent-Love-DIGIBOX-43719-4-1596700680_1.jpg",500,500,false],"inspiro-loop":["https:\/\/www.americanmetaldistro.com\/wp-content\/uploads\/2025\/06\/Solstafir-Endless-Twilight-of-Codependent-Love-DIGIBOX-43719-4-1596700680_1-500x320.jpg",500,320,true],"inspiro-loop@2x":["https:\/\/www.americanmetaldistro.com\/wp-content\/uploads\/2025\/06\/Solstafir-Endless-Twilight-of-Codependent-Love-DIGIBOX-43719-4-1596700680_1.jpg",500,500,false],"mailpoet_newsletter_max":["https:\/\/www.americanmetaldistro.com\/wp-content\/uploads\/2025\/06\/Solstafir-Endless-Twilight-of-Codependent-Love-DIGIBOX-43719-4-1596700680_1.jpg",500,500,false],"woocommerce_thumbnail":["https:\/\/www.americanmetaldistro.com\/wp-content\/uploads\/2025\/06\/Solstafir-Endless-Twilight-of-Codependent-Love-DIGIBOX-43719-4-1596700680_1-300x300.jpg",300,300,true],"woocommerce_single":["https:\/\/www.americanmetaldistro.com\/wp-content\/uploads\/2025\/06\/Solstafir-Endless-Twilight-of-Codependent-Love-DIGIBOX-43719-4-1596700680_1.jpg",500,500,false],"woocommerce_gallery_thumbnail":["https:\/\/www.americanmetaldistro.com\/wp-content\/uploads\/2025\/06\/Solstafir-Endless-Twilight-of-Codependent-Love-DIGIBOX-43719-4-1596700680_1-100x100.jpg",100,100,true],"portfolio_item-thumbnail":["https:\/\/www.americanmetaldistro.com\/wp-content\/uploads\/2025\/06\/Solstafir-Endless-Twilight-of-Codependent-Love-DIGIBOX-43719-4-1596700680_1-500x400.jpg",500,400,true],"portfolio_item-thumbnail@2x":["https:\/\/www.americanmetaldistro.com\/wp-content\/uploads\/2025\/06\/Solstafir-Endless-Twilight-of-Codependent-Love-DIGIBOX-43719-4-1596700680_1.jpg",500,500,false],"portfolio_item-masonry":["https:\/\/www.americanmetaldistro.com\/wp-content\/uploads\/2025\/06\/Solstafir-Endless-Twilight-of-Codependent-Love-DIGIBOX-43719-4-1596700680_1.jpg",500,500,false],"portfolio_item-masonry@2x":["https:\/\/www.americanmetaldistro.com\/wp-content\/uploads\/2025\/06\/Solstafir-Endless-Twilight-of-Codependent-Love-DIGIBOX-43719-4-1596700680_1.jpg",500,500,false],"portfolio_item-thumbnail_cinema":["https:\/\/www.americanmetaldistro.com\/wp-content\/uploads\/2025\/06\/Solstafir-Endless-Twilight-of-Codependent-Love-DIGIBOX-43719-4-1596700680_1-500x335.jpg",500,335,true],"portfolio_item-thumbnail_portrait":["https:\/\/www.americanmetaldistro.com\/wp-content\/uploads\/2025\/06\/Solstafir-Endless-Twilight-of-Codependent-Love-DIGIBOX-43719-4-1596700680_1.jpg",500,500,false],"portfolio_item-thumbnail_portrait@2x":["https:\/\/www.americanmetaldistro.com\/wp-content\/uploads\/2025\/06\/Solstafir-Endless-Twilight-of-Codependent-Love-DIGIBOX-43719-4-1596700680_1.jpg",500,500,false],"portfolio_item-thumbnail_square":["https:\/\/www.americanmetaldistro.com\/wp-content\/uploads\/2025\/06\/Solstafir-Endless-Twilight-of-Codependent-Love-DIGIBOX-43719-4-1596700680_1.jpg",500,500,false]},"_links":{"self":[{"href":"https:\/\/www.americanmetaldistro.com\/index.php?rest_route=\/wp\/v2\/product\/9668","targetHints":{"allow":["GET"]}}],"collection":[{"href":"https:\/\/www.americanmetaldistro.com\/index.php?rest_route=\/wp\/v2\/product"}],"about":[{"href":"https:\/\/www.americanmetaldistro.com\/index.php?rest_route=\/wp\/v2\/types\/product"}],"replies":[{"embeddable":true,"href":"https:\/\/www.americanmetaldistro.com\/index.php?rest_route=%2Fwp%2Fv2%2Fcomments&post=9668"}],"wp:featuredmedia":[{"embeddable":true,"href":"https:\/\/www.americanmetaldistro.com\/index.php?rest_route=\/wp\/v2\/media\/9669"}],"wp:attachment":[{"href":"https:\/\/www.americanmetaldistro.com\/index.php?rest_route=%2Fwp%2Fv2%2Fmedia&parent=9668"}],"wp:term":[{"taxonomy":"product_brand","embeddable":true,"href":"https:\/\/www.americanmetaldistro.com\/index.php?rest_route=%2Fwp%2Fv2%2Fproduct_brand&post=9668"},{"taxonomy":"product_cat","embeddable":true,"href":"https:\/\/www.americanmetaldistro.com\/index.php?rest_route=%2Fwp%2Fv2%2Fproduct_cat&post=9668"},{"taxonomy":"product_tag","embeddable":true,"href":"https:\/\/www.americanmetaldistro.com\/index.php?rest_route=%2Fwp%2Fv2%2Fproduct_tag&post=9668"}],"curies":[{"name":"wp","href":"https:\/\/api.w.org\/{rel}","templated":true}]}}